{"id":113,"date":"2024-07-09T23:30:29","date_gmt":"2024-07-09T23:30:29","guid":{"rendered":"https:\/\/talamininggroup.cl\/?page_id=113"},"modified":"2024-07-10T23:01:14","modified_gmt":"2024-07-10T23:01:14","slug":"nosotros","status":"publish","type":"page","link":"https:\/\/talamininggroup.cl\/en\/nosotros\/","title":{"rendered":"About Us"},"content":{"rendered":"<div class=\"wp-block-columns is-layout-flex wp-container-core-columns-is-layout-28f84493 wp-block-columns-is-layout-flex\">\n<div class=\"wp-block-column is-layout-flow wp-block-column-is-layout-flow\">\n<p><\/p>\n\n\n\n<p>TALA MINING GROUP is a business company based in Antofagasta, Chile that manages mining properties located in the Antofagasta Region. A zone that emerges as one of the major international producers of copper in the world, developing its economic growth by working on metallic minerals, such as Copper, Gold and Silver.<\/p>\n\n\n\n<p>Founded in the 90\u2019s by mining lawyer Mohamed Tala Larenas, TALA MINING GROUP holds 8 mining prospects that contain 28 mining properties of gold, copper and silver, all located near the cities of Antofagasta and Taltal. The concessions cover 1,722 hectares suitable for development of exploitation projects on a small and medium scale.<\/p>\n\n\n\n<p>Historically, the productivity and mining activity of TALA MINING GROUP properties managed by small mining companies that had used artisanal methods of exploitation in the area for over a century.<\/p>\n\n\n\n<p>TALA MINING GROUP is currently controlled by the TALA MASAFIERRO FAMILY.<\/p>\n<\/div>\n\n\n\n<div class=\"wp-block-column is-layout-flow wp-block-column-is-layout-flow\">\n<figure class=\"wp-block-image size-full is-resized\"><img loading=\"lazy\" decoding=\"async\" width=\"635\" height=\"772\" src=\"https:\/\/talamininggroup.cl\/wp-content\/uploads\/2024\/07\/fdfgdgdfgdffg.png\" alt=\"\" class=\"wp-image-188\" style=\"width:486px;height:auto\" srcset=\"https:\/\/talamininggroup.cl\/wp-content\/uploads\/2024\/07\/fdfgdgdfgdffg.png 635w, https:\/\/talamininggroup.cl\/wp-content\/uploads\/2024\/07\/fdfgdgdfgdffg-247x300.png 247w\" sizes=\"auto, (max-width: 635px) 100vw, 635px\" \/><\/figure>\n<\/div>\n<\/div>","protected":false},"excerpt":{"rendered":"<p>TALA MINING GROUP es una empresa chilena enfocada en negocios mineros met\u00e1licos, a trav\u00e9s de sus compa\u00f1\u00edas mineras INDIANA, KUNZA y PALOMA DE PORTEZUELOS. Fundada en los a\u00f1os 90 por el abogado minero antofagastino Mohamed Tala Larenas, TALA MINING GROUP posee un total de 8 prospectos mineros en las ciudades de Taltal y Antofagasta, agrupando &hellip; <\/p>\n<p class=\"link-more\"><a href=\"https:\/\/talamininggroup.cl\/en\/nosotros\/\" class=\"more-link\">Read more<span class=\"screen-reader-text\"> &#8220;Nosotros&#8221;<\/span><\/a><\/p>","protected":false},"author":1,"featured_media":211,"parent":0,"menu_order":0,"comment_status":"closed","ping_status":"closed","template":"","meta":{"footnotes":""},"class_list":["post-113","page","type-page","status-publish","has-post-thumbnail","hentry"],"_links":{"self":[{"href":"https:\/\/talamininggroup.cl\/en\/wp-json\/wp\/v2\/pages\/113","targetHints":{"allow":["GET"]}}],"collection":[{"href":"https:\/\/talamininggroup.cl\/en\/wp-json\/wp\/v2\/pages"}],"about":[{"href":"https:\/\/talamininggroup.cl\/en\/wp-json\/wp\/v2\/types\/page"}],"author":[{"embeddable":true,"href":"https:\/\/talamininggroup.cl\/en\/wp-json\/wp\/v2\/users\/1"}],"replies":[{"embeddable":true,"href":"https:\/\/talamininggroup.cl\/en\/wp-json\/wp\/v2\/comments?post=113"}],"version-history":[{"count":7,"href":"https:\/\/talamininggroup.cl\/en\/wp-json\/wp\/v2\/pages\/113\/revisions"}],"predecessor-version":[{"id":241,"href":"https:\/\/talamininggroup.cl\/en\/wp-json\/wp\/v2\/pages\/113\/revisions\/241"}],"wp:featuredmedia":[{"embeddable":true,"href":"https:\/\/talamininggroup.cl\/en\/wp-json\/wp\/v2\/media\/211"}],"wp:attachment":[{"href":"https:\/\/talamininggroup.cl\/en\/wp-json\/wp\/v2\/media?parent=113"}],"curies":[{"name":"wp","href":"https:\/\/api.w.org\/{rel}","templated":true}]}}