{"id":9,"date":"2024-07-09T03:58:16","date_gmt":"2024-07-09T03:58:16","guid":{"rendered":"https:\/\/talamininggroup.cl\/?page_id=9"},"modified":"2024-07-11T00:47:52","modified_gmt":"2024-07-11T00:47:52","slug":"acerca-de","status":"publish","type":"page","link":"https:\/\/talamininggroup.cl\/en\/acerca-de\/","title":{"rendered":"Mining Prospects"},"content":{"rendered":"<p>TALA MINING GROUP has a total of 1.722 hectares in mining concessions, divided into 8 gold, copper and silver prospects, seven of them operated by TALA MINING GROUP ventures COMPA\u00d1\u00cdA MINERA INDIANA and COMPA\u00d1\u00cdA MINERA KUNZA. The seven prospects named \u201cAtahualpa\u201d, \u201cAmanda\u201d, \u201cBot\u00f3n de Oro\u201d, \u201cBerta\u201d, Huanillos, \u201cIndiana\u201d and \u201cRepublicana\u201d are located near Taltal (about 60 kilometers from the main city). \nThe eighth prospect named \u201cCOMIPAL\u201d is placed in Antofagasta and contains 2 copper mining properties in concession, \u201cPaloma\u201d and \u201cEscondida\u201d, both situated less than 15 minutes from the main city. The prospect is currently managed by TALA MINING GROUP in partnership with the ADAROS FAMILY GROUP through the venture COMIPAL (Compa\u00f1\u00eda Minera Paloma de Portezuelos).<\/p>\n\n\n\n<p><\/p>\n\n\n\n<p class=\"has-text-align-center has-medium-font-size\"><strong>PROSPECTS LOCATED IN TALTAL<\/strong><\/p>\n\n\n\n<p class=\"has-primary-color has-text-color has-link-color wp-elements-4fdb4fde00dc446b9c0798af08d13a64\"><em>Taltal mining prospects can be classified into 3 main areas:<\/em><\/p>\n\n\n\n<p class=\"has-primary-color has-text-color has-link-color wp-elements-4acd198e379974b8da7f2f854bc45b23\">\u00b7<em> \u00b7 AMANDA: This is the closest prospect to the city of Taltal; its 25 kilometers away from the main city and less than 1 kilometer away from the \u201cRoute 5\u201d, a main road.<br>\u00b7 San Jos\u00e9 del Pingo: The prospects named \u201cAtahualpa\u201d and \u201cIndiana\u201d are located 40 kilometers southeast from the city of Taltal.<br>\u00b7 Sierra Esmeralda: The prospects named \u201cBerta\u201d, \u201cBot\u00f3n de Oro\u201d and \u201cRepublicana\u201d are located 50-55 kilometers south of the city of Taltal, north from the \u201cQuebrada La Cachina\u201d and south from \u201cMantos de Huanillos\u201d.<\/em><\/p>\n\n\n\n<div class=\"wp-block-columns is-layout-flex wp-container-core-columns-is-layout-28f84493 wp-block-columns-is-layout-flex\">\n<div class=\"wp-block-column is-layout-flow wp-block-column-is-layout-flow\">\n<figure class=\"wp-block-image size-full\"><img loading=\"lazy\" decoding=\"async\" width=\"912\" height=\"512\" src=\"https:\/\/talamininggroup.cl\/wp-content\/uploads\/2024\/07\/cfsdf.png\" alt=\"\" class=\"wp-image-168\" srcset=\"https:\/\/talamininggroup.cl\/wp-content\/uploads\/2024\/07\/cfsdf.png 912w, https:\/\/talamininggroup.cl\/wp-content\/uploads\/2024\/07\/cfsdf-300x168.png 300w\" sizes=\"auto, (max-width: 912px) 100vw, 912px\" \/><\/figure>\n\n\n\n<p class=\"has-black-color has-text-color has-medium-font-size\"><strong>SIERRA ESMERALDA DISTRICT (Au-Cu-Ag)<\/strong><\/p>\n\n\n\n<p>This polymethallic mining district contains gold, silver and copper deposits and is located in the western area of the metallogenic belt in Chile\u2019s Cordillera de la Costa, to the west side from the Atacama Fault. \nHistorically, the district has presented works in the early 19th century by small scale mining projects with artisanal methods.<\/p>\n<\/div>\n\n\n\n<div class=\"wp-block-column is-layout-flow wp-block-column-is-layout-flow\">\n<figure class=\"wp-block-image size-full\"><img loading=\"lazy\" decoding=\"async\" width=\"920\" height=\"516\" src=\"https:\/\/talamininggroup.cl\/wp-content\/uploads\/2024\/07\/pic2.png\" alt=\"\" class=\"wp-image-166\" srcset=\"https:\/\/talamininggroup.cl\/wp-content\/uploads\/2024\/07\/pic2.png 920w, https:\/\/talamininggroup.cl\/wp-content\/uploads\/2024\/07\/pic2-300x168.png 300w\" sizes=\"auto, (max-width: 920px) 100vw, 920px\" \/><\/figure>\n\n\n\n<p class=\"has-black-color has-text-color has-medium-font-size\"><strong>MINING DISTRICT SAN JOSE DEL PINGO (Au-Cu-Ag)<\/strong><\/p>\n\n\n\n<p class=\"has-primary-color has-text-color\">The prospects of this area are located at the south side of the Quebrada Cifuncho and north from Quebrada de la Cachina. \u201cAtahualpa\u201d property can be found to the west side of the \u201cIndiana\u201d property, with a 6 kilometers distance between them and 17.5 kilometers south from the \u201cAmanda\u201d prospect.\nAt the \u201cAtahualpa\u201d prospect, the lithology corresponds to FM.Aeropuerto, while the \u201cIndiana\u201d prospect's lithology corresponds to rocks from the plutonic group of Cerro del Pingo and plutonic group of Cifuncho. All of these rocks are known locally for their veins with Au-Cu-Ag deposits.<\/p>\n<\/div>\n\n\n\n<div class=\"wp-block-column is-layout-flow wp-block-column-is-layout-flow\">\n<figure class=\"wp-block-image size-full\"><img loading=\"lazy\" decoding=\"async\" width=\"879\" height=\"495\" src=\"https:\/\/talamininggroup.cl\/wp-content\/uploads\/2024\/07\/Picture1.png\" alt=\"\" class=\"wp-image-165\" srcset=\"https:\/\/talamininggroup.cl\/wp-content\/uploads\/2024\/07\/Picture1.png 879w, https:\/\/talamininggroup.cl\/wp-content\/uploads\/2024\/07\/Picture1-300x169.png 300w\" sizes=\"auto, (max-width: 879px) 100vw, 879px\" \/><\/figure>\n\n\n\n<p class=\"has-black-color has-text-color has-medium-font-size\"><strong>Amanda(Cu-Au)<\/strong><\/p>\n\n\n\n<p class=\"has-primary-color has-text-color\">Geographically located 25 kilometers southeast from the city of Taltal,  8.7 kilometers east from the Las Breas Aerodrome, placed south to \u201cRoute 5\u201d main road and \u201cQuebrada de la Peineta\u201d, this area shows early works of exploitation from small and medium scale mining projects and different structural trends inductive signs to mineralization. Between the years 1986 and 1991, this property has had small scale gold extractions with an ore grade superior to 1 gram per ton. The works were made through a shaft and a ramp tunnel that could not be continued, due to financial problems.<\/p>\n<\/div>\n<\/div>\n\n\n\n<div class=\"wp-block-columns alignwide is-layout-flex wp-container-core-columns-is-layout-28f84493 wp-block-columns-is-layout-flex\">\n<div class=\"wp-block-column is-layout-flow wp-block-column-is-layout-flow\"><\/div>\n<\/div>\n\n\n\n<p class=\"has-black-color has-text-color has-medium-font-size\"><\/p>\n\n\n\n<p><\/p>\n\n\n\n<p><\/p>\n\n\n\n<p class=\"has-text-align-center has-medium-font-size\"><strong>PROSPECT LOCATED IN ANTOFAGASTA <\/strong><\/p>\n\n\n\n<p><\/p>\n\n\n\n<p>The COMIPAL mining prospect, managed by TALA MINING GROUP in partnership with the ADAROS FAMILY  GROUP, is located less than 15 minutes from the city of Antofagasta and is constituted by 2 copper concessions:<\/p>\n\n\n\n<p>a.- PALOMA 1 al 4 . Total area dimension: 35 hectares.<br>623 verso, No. 177.<\/p>\n\n\n\n<p>b.- ESCONDIDA 1 al 20. Total area dimension: 100 hectares.<\/p>\n\n\n\n<p><\/p>\n\n\n\n<p><\/p>\n\n\n\n<p class=\"has-text-align-center has-medium-font-size\"><strong>References about the Prospect<\/strong><\/p>\n\n\n\n<p class=\"has-text-align-center has-medium-font-size\"><\/p>\n\n\n\n<div class=\"wp-block-columns is-layout-flex wp-container-core-columns-is-layout-28f84493 wp-block-columns-is-layout-flex\">\n<div class=\"wp-block-column is-layout-flow wp-block-column-is-layout-flow\">\n<p><br>The two mining properties of the COMIPAL prospect are connected to each other and are situated 12 kilometers east of Antofagasta, on the eastern slope of the El Ancla hill range. To access the properties, you must use the \u201cRoute 5\u201d main road in the section that connects \u201cSalar del Carmen\u201d with \u201cLa Negra,\u201d taking the same road that leads to ENAMI\u2019s purchasing agency office for about 5 kilometers and then turning west for about 5 kilometers more. The work on the properties has been exploited on a small scale using artisanal methods and at a superficial level. There are signs of excavation work in the area, with pits where copper oxides are manifested in a column of almost 30 meters positioned in the fault zone.\n\nTo the south of the area is the \u201cJap\u00f3n\u201d mining project, which was exploited for many years and is now closed. The abandoned works' main structures and secondary mineralizations in the form of \"baggages\" can be seen, geomorphologically speaking. The area belongs to the La Negra Formation, and the rock is volcanic, composed of lavas, breccias, and andesitic agglomerations with a mantle to the west and intrusive cuts in the form of veins and mantles. In the intrusive bodies, there is a presence of sulfides, and superficial studies detected copper ore grades with values reaching 4% oxides and an average ore grade of 1% in relict sulfides in the area of the \u201cEscondida\u201d property. However, as stated by experts, these have not been properly studied and prospected.\n\nIn the past, COMIPAL properties were leased, and the former tenant developed an open-pit mining project with underground works.<\/p>\n<\/div>\n\n\n\n<div class=\"wp-block-column is-layout-flow wp-block-column-is-layout-flow\">\n<p><\/p>\n\n\n\n<p><\/p>\n\n\n\n<figure class=\"wp-block-image size-full\"><img loading=\"lazy\" decoding=\"async\" width=\"806\" height=\"637\" src=\"https:\/\/talamininggroup.cl\/wp-content\/uploads\/2024\/07\/ASCDASDASD-1.png\" alt=\"\" class=\"wp-image-185\" srcset=\"https:\/\/talamininggroup.cl\/wp-content\/uploads\/2024\/07\/ASCDASDASD-1.png 806w, https:\/\/talamininggroup.cl\/wp-content\/uploads\/2024\/07\/ASCDASDASD-1-300x237.png 300w\" sizes=\"auto, (max-width: 806px) 100vw, 806px\" \/><\/figure>\n<\/div>\n<\/div>\n\n\n\n<p><\/p>\n\n\n\n<p><\/p>\n\n\n\n<p><\/p>","protected":false},"excerpt":{"rendered":"<p>TALA MINING GROUP cuenta con un total de 1.722 hect\u00e1reas de concesiones mineras divididas en 8 prospectos de oro, cobre y plata, siete de ellos, operados a trav\u00e9s de las compa\u00f1\u00edas mineras INDIANA y KUNZA y ubicados a menos de una hora de la ciudad de Taltal (Atahualpa, Amanda, Bot\u00f3n de Oro, Berta, Huanillos, Indiana, &hellip; <\/p>\n<p class=\"link-more\"><a href=\"https:\/\/talamininggroup.cl\/en\/acerca-de\/\" class=\"more-link\">Read more<span class=\"screen-reader-text\"> &#8220;Prospectos&#8221;<\/span><\/a><\/p>","protected":false},"author":1,"featured_media":152,"parent":0,"menu_order":0,"comment_status":"closed","ping_status":"closed","template":"","meta":{"footnotes":""},"class_list":["post-9","page","type-page","status-publish","has-post-thumbnail","hentry"],"_links":{"self":[{"href":"https:\/\/talamininggroup.cl\/en\/wp-json\/wp\/v2\/pages\/9","targetHints":{"allow":["GET"]}}],"collection":[{"href":"https:\/\/talamininggroup.cl\/en\/wp-json\/wp\/v2\/pages"}],"about":[{"href":"https:\/\/talamininggroup.cl\/en\/wp-json\/wp\/v2\/types\/page"}],"author":[{"embeddable":true,"href":"https:\/\/talamininggroup.cl\/en\/wp-json\/wp\/v2\/users\/1"}],"replies":[{"embeddable":true,"href":"https:\/\/talamininggroup.cl\/en\/wp-json\/wp\/v2\/comments?post=9"}],"version-history":[{"count":40,"href":"https:\/\/talamininggroup.cl\/en\/wp-json\/wp\/v2\/pages\/9\/revisions"}],"predecessor-version":[{"id":242,"href":"https:\/\/talamininggroup.cl\/en\/wp-json\/wp\/v2\/pages\/9\/revisions\/242"}],"wp:featuredmedia":[{"embeddable":true,"href":"https:\/\/talamininggroup.cl\/en\/wp-json\/wp\/v2\/media\/152"}],"wp:attachment":[{"href":"https:\/\/talamininggroup.cl\/en\/wp-json\/wp\/v2\/media?parent=9"}],"curies":[{"name":"wp","href":"https:\/\/api.w.org\/{rel}","templated":true}]}}